{"id":3125,"date":"2015-11-14T12:03:46","date_gmt":"2015-11-14T12:03:46","guid":{"rendered":"http:\/\/cygnus.radiuzz.com\/\/?page_id=3125"},"modified":"2020-07-29T20:46:09","modified_gmt":"2020-07-29T19:46:09","slug":"zespol","status":"publish","type":"page","link":"https:\/\/qsztuce.com\/index.php\/zespol\/","title":{"rendered":"Zesp\u00f3\u0142"},"content":{"rendered":"<p>[vc_row bg_type=&#8221;no_bg&#8221; css=&#8221;.vc_custom_1447959524691{margin-top: 60px !important;margin-bottom: 60px !important;}&#8221;]\n\t<div class=\"vc_col-sm-6 wpb_column \"  data-wow-delay=\"0ms\">\n\t\t<div class=\"wpb_wrapper\">\n\t\t\t[vc_custom_heading text=&#8221;Nasze cele&#8221; use_theme_fonts=&#8221;yes&#8221; el_class=&#8221;widget_title&#8221;][vc_column_text c_id=&#8221;.vc_1543245994155&#8243;]Uwielbiamy tworzy\u0107 \u0142adne rzeczy! Chcemy przekaza\u0107 nasze warto\u015bci i z u\u017cyciem naszych umiej\u0119tno\u015bci tworzy\u0107 pi\u0119kny \u015bwiat.<\/p>\n<p>Nasz\u0105 najwi\u0119ksz\u0105 inspiracj\u0105 s\u0105 ludzie &#8211; ka\u017cdy ma inny gust, styl, spos\u00f3b bycia, a to w po\u0142\u0105czeniu z naszym wyczuciem estetyki i pozytywn\u0105 energi\u0105 pozwoli stworzy\u0107 prawdziw\u0105 sztuk\u0119![\/vc_column_text]\n\t\t<\/div> <!-- END .wpb_wrapper -->\n\t<\/div> <!-- END  wpb_column  -->\n\n\t<div class=\"vc_col-sm-6 wpb_column \" style=\"color:#828282;\"  data-wow-delay=\"0ms\" data-wow-iteration=\"1\" >\n\t\t<div class=\"wpb_wrapper\">\n\t\t\t[vc_custom_heading text=&#8221;Our aims&#8221; font_container=&#8221;tag:h2|text_align:left|color:%23828282&#8243; use_theme_fonts=&#8221;yes&#8221; el_class=&#8221;widget_title&#8221;][vc_column_text c_id=&#8221;.vc_1543245158750&#8243;]<\/p>\n<p style=\"text-align: justify;\">We love good design! We would like to spread our values and our ideas and with usage of our skills create the world more beautiful place (in the esthetic meaning of the word).<\/p>\n<p>Our greatest inspiration are the people &#8211; each of us has different style, taste, the way of being and seing others, and this connected with our sense of esthetic and positive energy helps create real art![\/vc_column_text]\n\t\t<\/div> <!-- END .wpb_wrapper -->\n\t<\/div> <!-- END  wpb_column  -->\n[\/vc_row][vc_row]\n\t<div class=\"vc_col-sm-12 wpb_column \"  data-wow-delay=\"0ms\">\n\t\t<div class=\"wpb_wrapper\">\n\t\t\t[vc_custom_heading text=&#8221;Nasz zesp\u00f3\u0142&#8221; font_container=&#8221;tag:h2|text_align:center&#8221; use_theme_fonts=&#8221;yes&#8221; el_class=&#8221;widget_title&#8221;]\n\t\t<\/div> <!-- END .wpb_wrapper -->\n\t<\/div> <!-- END  wpb_column  -->\n[\/vc_row][vc_row el_class=&#8221;full_row&#8221; css=&#8221;.vc_custom_1447959542839{margin-top: 60px !important;margin-bottom: 60px !important;}&#8221;]\n\t<div class=\"vc_col-sm-6 wpb_column \"  data-wow-delay=\"0ms\" data-wow-iteration=\"1\" >\n\t\t<div class=\"wpb_wrapper\">\n\t\t\t[radiuzz_staff image_id=&#8221;3935&#8243; radiuzz_img_size=&#8221;full&#8221; sep=&#8221;no&#8221; align=&#8221; to-default&#8221; animation_iteration=&#8221;1&#8243; c_id=&#8221;.vc_1534586530695&#8243; name=&#8221;JULIA CELICHOWSKA&#8221; job_title=&#8221;CREATIVE DESIGNER&#8221;][\/radiuzz_staff]\n\t\t<\/div> <!-- END .wpb_wrapper -->\n\t<\/div> <!-- END  wpb_column  -->\n\n\t<div class=\"vc_col-sm-6 wpb_column \"  data-wow-delay=\"0ms\" data-wow-iteration=\"1\" >\n\t\t<div class=\"wpb_wrapper\">\n\t\t\t[radiuzz_staff image_id=&#8221;3927&#8243; radiuzz_img_size=&#8221;full&#8221; sep=&#8221;no&#8221; align=&#8221; to-default&#8221; animation_iteration=&#8221;1&#8243; c_id=&#8221;.vc_1534585652458&#8243; name=&#8221;PAULINA WIECZOREK&#8221; job_title=&#8221;Creative designer&#8221;][\/radiuzz_staff]\n\t\t<\/div> <!-- END .wpb_wrapper -->\n\t<\/div> <!-- END  wpb_column  -->\n[\/vc_row][vc_row bg_type=&#8221;no_bg&#8221; css=&#8221;.vc_custom_1447959534136{margin-top: 60px !important;margin-bottom: 60px !important;}&#8221; el_class=&#8221;full_row&#8221;]\n\t<div class=\"vc_col-sm-4 wpb_column \"  data-wow-delay=\"0ms\" data-wow-iteration=\"1\" >\n\t\t<div class=\"wpb_wrapper\">\n\t\t\t[vc_custom_heading text=&#8221;KREATYWNO\u015a\u0106&#8221; use_theme_fonts=&#8221;yes&#8221; el_class=&#8221;widget_title&#8221;][vc_column_text c_id=&#8221;.vc_1543245544980&#8243;]Du\u017co pomys\u0142\u00f3w &#8211; tych wypowiedzianych ale tak\u017ce tych, kt\u00f3re nie zosta\u0142y jeszcze przywo\u0142ane na g\u0142os. Nowatorskie podej\u015bcie do projektowania i otwarta g\u0142owa, to nas wyr\u00f3\u017cnia![\/vc_column_text]\n\t\t<\/div> <!-- END .wpb_wrapper -->\n\t<\/div> <!-- END  wpb_column  -->\n\n\t<div class=\"vc_col-sm-4 wpb_column \"  data-wow-delay=\"0ms\" data-wow-iteration=\"1\" >\n\t\t<div class=\"wpb_wrapper\">\n\t\t\t[vc_custom_heading text=&#8221;POZYTYWNE NASTAWIENIE&#8221; use_theme_fonts=&#8221;yes&#8221; el_class=&#8221;widget_title&#8221;][vc_column_text c_id=&#8221;.vc_1543245425931&#8243;]Z optymizmem patrzymy na nowe projekty i inspiruj\u0105ce pomys\u0142y! Serdeczno\u015b\u0107 i pozytywne nastawienie to dla nas podstawa![\/vc_column_text]\n\t\t<\/div> <!-- END .wpb_wrapper -->\n\t<\/div> <!-- END  wpb_column  -->\n\n\t<div class=\"vc_col-sm-4 wpb_column \"  data-wow-delay=\"0ms\" data-wow-iteration=\"1\" >\n\t\t<div class=\"wpb_wrapper\">\n\t\t\t[vc_custom_heading text=&#8221;PASJA&#8221; use_theme_fonts=&#8221;yes&#8221; el_class=&#8221;widget_title&#8221;][vc_column_text c_id=&#8221;.vc_1543245268142&#8243;]Milion pomys\u0142\u00f3w na minut\u0119, \u017cywe dyskusje i rozmowy do 3 nad ranem o nowych projektach. Tym dla nas jest pasja do tego co robimy.[\/vc_column_text]\n\t\t<\/div> <!-- END .wpb_wrapper -->\n\t<\/div> <!-- END  wpb_column  -->\n[\/vc_row][vc_row bg_type=&#8221;no_bg&#8221; css=&#8221;.vc_custom_1447959553362{margin-top: 60px !important;margin-bottom: 60px !important;background-position: center !important;background-repeat: no-repeat !important;background-size: cover !important;}&#8221;]\n\t<div class=\"vc_col-sm-3 wpb_column \"  data-wow-delay=\"0ms\" data-wow-iteration=\"1\" >\n\t\t<div class=\"wpb_wrapper\">\n\t\t\t[vc_single_image image=&#8221;4037&#8243; alignment=&#8221;center&#8221;]\n\t\t<\/div> <!-- END .wpb_wrapper -->\n\t<\/div> <!-- END  wpb_column  -->\n\n\t<div class=\"vc_col-sm-3 wpb_column \"  data-wow-delay=\"0ms\" data-wow-iteration=\"1\" >\n\t\t<div class=\"wpb_wrapper\">\n\t\t\t[vc_single_image image=&#8221;4039&#8243; alignment=&#8221;center&#8221;]\n\t\t<\/div> <!-- END .wpb_wrapper -->\n\t<\/div> <!-- END  wpb_column  -->\n\n\t<div class=\"vc_col-sm-3 wpb_column \"  data-wow-delay=\"0ms\" data-wow-iteration=\"1\" >\n\t\t<div class=\"wpb_wrapper\">\n\t\t\t[vc_single_image image=&#8221;3161&#8243; alignment=&#8221;center&#8221;]\n\t\t<\/div> <!-- END .wpb_wrapper -->\n\t<\/div> <!-- END  wpb_column  -->\n\n\t<div class=\"vc_col-sm-3 wpb_column \"  data-wow-delay=\"0ms\" data-wow-iteration=\"1\" >\n\t\t<div class=\"wpb_wrapper\">\n\t\t\t[vc_single_image image=&#8221;3163&#8243; alignment=&#8221;center&#8221;]\n\t\t<\/div> <!-- END .wpb_wrapper -->\n\t<\/div> <!-- END  wpb_column  -->\n[\/vc_row]<\/p>\n","protected":false},"excerpt":{"rendered":"<p>[vc_row bg_type=&#8221;no_bg&#8221; css=&#8221;.vc_custom_1447959524691{margin-top: 60px !important;margin-bottom: 60px !important;}&#8221;][\/vc_row][vc_row][\/vc_row][vc_row el_class=&#8221;full_row&#8221; css=&#8221;.vc_custom_1447959542839{margin-top: 60px !important;margin-bottom: 60px !important;}&#8221;][\/vc_row][vc_row bg_type=&#8221;no_bg&#8221; css=&#8221;.vc_custom_1447959534136{margin-top: 60px !important;margin-bottom: 60px !important;}&#8221; el_class=&#8221;full_row&#8221;][\/vc_row][vc_row bg_type=&#8221;no_bg&#8221; css=&#8221;.vc_custom_1447959553362{margin-top: 60px !important;margin-bottom: 60px !important;background-position: center !important;background-repeat: no-repeat !important;background-size: cover !important;}&#8221;][\/vc_row]<\/p>\n","protected":false},"author":1,"featured_media":0,"parent":0,"menu_order":0,"comment_status":"closed","ping_status":"closed","template":"","meta":[],"_links":{"self":[{"href":"https:\/\/qsztuce.com\/index.php\/wp-json\/wp\/v2\/pages\/3125"}],"collection":[{"href":"https:\/\/qsztuce.com\/index.php\/wp-json\/wp\/v2\/pages"}],"about":[{"href":"https:\/\/qsztuce.com\/index.php\/wp-json\/wp\/v2\/types\/page"}],"author":[{"embeddable":true,"href":"https:\/\/qsztuce.com\/index.php\/wp-json\/wp\/v2\/users\/1"}],"replies":[{"embeddable":true,"href":"https:\/\/qsztuce.com\/index.php\/wp-json\/wp\/v2\/comments?post=3125"}],"version-history":[{"count":27,"href":"https:\/\/qsztuce.com\/index.php\/wp-json\/wp\/v2\/pages\/3125\/revisions"}],"predecessor-version":[{"id":4289,"href":"https:\/\/qsztuce.com\/index.php\/wp-json\/wp\/v2\/pages\/3125\/revisions\/4289"}],"wp:attachment":[{"href":"https:\/\/qsztuce.com\/index.php\/wp-json\/wp\/v2\/media?parent=3125"}],"curies":[{"name":"wp","href":"https:\/\/api.w.org\/{rel}","templated":true}]}}