{"id":3129,"date":"2015-11-14T12:04:48","date_gmt":"2015-11-14T12:04:48","guid":{"rendered":"http:\/\/cygnus.radiuzz.com\/\/?page_id=3129"},"modified":"2018-11-27T13:11:03","modified_gmt":"2018-11-27T13:11:03","slug":"co_robimy","status":"publish","type":"page","link":"https:\/\/qsztuce.com\/index.php\/co_robimy\/","title":{"rendered":"Co robimy"},"content":{"rendered":"<p>[vc_row css=&#8221;.vc_custom_1454927142251{margin-top: 60px !important;margin-bottom: 60px !important;}&#8221;]\n\t<div class=\"vc_col-sm-4 wpb_column \"  data-wow-delay=\"0ms\">\n\t\t<div class=\"wpb_wrapper\">\n\t\t\t[vc_custom_heading text=&#8221;01.&#8221; font_container=&#8221;tag:h2|font_size:130|text_align:left|color:%23f9f9f9|line_height:0&#8243; google_fonts=&#8221;font_family:Montserrat%3Aregular%2C700|font_style:700%20bold%20regular%3A700%3Anormal&#8221; css=&#8221;.vc_custom_1456575690518{margin-bottom: -10px !important;}&#8221;][radiuzz_progress percent=&#8221;90&#8243; animation_iteration=&#8221;1&#8243; c_id=&#8221;.vc_1534784878995&#8243; title=&#8221;BRANDING\/REBRANDING&#8221; height=&#8221;7&#8243;][vc_column_text c_id=&#8221;.vc_1534785076707&#8243;]Zaprojektujemy dla Ciebie logotypy, wizyt\u00f3wki, katalogi, broszury, plakaty, rollupy&#8230; Potrzebujesz od\u015bwie\u017cenia grafiki swojej marki? Ch\u0119tnie spotkamy si\u0119 i wys\u0142uchamy co chcia\u0142by\u015b zmieni\u0107![\/vc_column_text]\n\t\t<\/div> <!-- END .wpb_wrapper -->\n\t<\/div> <!-- END  wpb_column  -->\n\n\t<div class=\"vc_col-sm-4 wpb_column \"  data-wow-delay=\"0ms\">\n\t\t<div class=\"wpb_wrapper\">\n\t\t\t[vc_custom_heading text=&#8221;02.&#8221; font_container=&#8221;tag:h2|font_size:130|text_align:left|color:%23f9f9f9|line_height:0&#8243; google_fonts=&#8221;font_family:Montserrat%3Aregular%2C700|font_style:700%20bold%20regular%3A700%3Anormal&#8221; css=&#8221;.vc_custom_1456575705080{margin-bottom: -10px !important;}&#8221;][radiuzz_progress percent=&#8221;95&#8243; animation_iteration=&#8221;1&#8243; c_id=&#8221;.vc_1534784941874&#8243; title=&#8221;PROJECT MANAGEMENT&#8221; height=&#8221;7&#8243;][vc_column_text c_id=&#8221;.vc_1534785188832&#8243;]Koordynujemy projekty od koncepcji do gotowego wydruku. Zajmiemy si\u0119 doborem odpowiedniej kolorystyki dla Twojej marki.[\/vc_column_text]\n\t\t<\/div> <!-- END .wpb_wrapper -->\n\t<\/div> <!-- END  wpb_column  -->\n\n\t<div class=\"vc_col-sm-4 wpb_column \"  data-wow-delay=\"0ms\">\n\t\t<div class=\"wpb_wrapper\">\n\t\t\t[vc_custom_heading text=&#8221;03.&#8221; font_container=&#8221;tag:h2|font_size:130|text_align:left|color:%23f9f9f9|line_height:0&#8243; google_fonts=&#8221;font_family:Montserrat%3Aregular%2C700|font_style:700%20bold%20regular%3A700%3Anormal&#8221; css=&#8221;.vc_custom_1487345947928{margin-bottom: -10px !important;}&#8221;][radiuzz_progress percent=&#8221;90&#8243; animation_iteration=&#8221;1&#8243; c_id=&#8221;.vc_1534587304187&#8243; title=&#8221;PROJEKTY INDYWIDUALNE&#8221; height=&#8221;7&#8243;][vc_column_text c_id=&#8221;.vc_1534587652317&#8243;]Poszukujesz czego\u015b innego zwi\u0105zanego z grafik\u0105 lub sztuk\u0105 u\u017cytkow\u0105? Masz pomys\u0142 ale nie wiesz jak go zrealizowa\u0107? Napisz\/zadzwo\u0144 &#8211; na pewno pomo\u017cemy![\/vc_column_text]\n\t\t<\/div> <!-- END .wpb_wrapper -->\n\t<\/div> <!-- END  wpb_column  -->\n[\/vc_row][vc_row equal_height=&#8221;yes&#8221; content_placement=&#8221;middle&#8221; v_center=&#8221;yes&#8221; css=&#8221;.vc_custom_1487602453621{margin-top: 60px !important;margin-bottom: 60px !important;padding-top: 60px !important;padding-bottom: 60px !important;}&#8221;]\n\t<div class=\"vc_col-sm-6 wpb_column  vc_custom_1456565415695\"  data-wow-delay=\"0ms\">\n\t\t<div class=\"wpb_wrapper\">\n\t\t\t[vc_single_image image=&#8221;3948&#8243; img_size=&#8221;large&#8221; alignment=&#8221;center&#8221; css=&#8221;.vc_custom_1534588409696{margin-right: 0px !important;}&#8221;]\n\t\t<\/div> <!-- END .wpb_wrapper -->\n\t<\/div> <!-- END  wpb_column  -->\n\n\t<div class=\"vc_col-sm-6 wpb_column  vc_custom_1456565756259\"  data-wow-delay=\"0ms\">\n\t\t<div class=\"wpb_wrapper\">\n\t\t\t[vc_custom_heading text=&#8221;Rekomendacje&#8221; font_container=&#8221;tag:h2|text_align:center&#8221; use_theme_fonts=&#8221;yes&#8221; el_class=&#8221;widget_title&#8221; css=&#8221;.vc_custom_1534587813581{padding-top: 30px !important;}&#8221;][vc_tta_pageable][vc_tta_section title=&#8221;Section&#8221; tab_id=&#8221;1456577784613-6976739c-5ad9&#8243;][vc_column_text c_id=&#8221;.vc_1543324047693&#8243;]<\/p>\n<p style=\"text-align: center;\">Moi drodzy je\u017celi mam by\u0107 szczera to, TE DWIE DZIEWCZYNY TO JEST STRZA\u0141 W DZIESI\u0104TK\u0118. W 100% mog\u0119 poleci\u0107,s\u0105 mega solidne .<span class=\"_5mfr\"><span class=\"_6qdm\">&#x1f44d; &#8211; Ela, w\u0142a\u015bcicielka Elilalle<\/span><\/span><\/p>\n<p>[\/vc_column_text][\/vc_tta_section][vc_tta_section title=&#8221;Section 1&#8243; tab_id=&#8221;1456577665741-9355bb9b-6cb9&#8243;][vc_column_text c_id=&#8221;.vc_1543324239809&#8243;]<\/p>\n<p style=\"text-align: center;\">Pozytywnie zakr\u0119cone i jednocze\u015bnie profesjonalne graficzki. By\u0142o du\u017co pomys\u0142\u00f3w z naszej strony a one wszystko uporz\u0105dkowa\u0142y i stworzy\u0142y sp\u00f3jn\u0105 graficznie wizyt\u00f3wk\u0119 firmy &#8211; Zesp\u00f3\u0142 Restauracji Amarena<\/p>\n<p>[\/vc_column_text][\/vc_tta_section][vc_tta_section title=&#8221;Section 2&#8243; tab_id=&#8221;1456577665742-7f31fd51-e762&#8243;][vc_column_text c_id=&#8221;.vc_1487602573869&#8243;]<\/p>\n<p style=\"text-align: center;\">Duis aute irure dolor in reprehenderit in voluptate velit esse cillum dolore eu fugiat nulla pariatur. Excepteur sint occaecat cupidatat non proident, sunt in culpa qui officia deserunt mollit anim id est laborum.<\/p>\n<p>[\/vc_column_text][\/vc_tta_section][\/vc_tta_pageable][vc_row_inner]\n\t<div class=\"vc_col-sm-4 wpb_column \"  data-wow-delay=\"0ms\" data-wow-iteration=\"1\" >\n\t\t<div class=\"wpb_wrapper\">\n\t\t\t[vc_custom_heading text=&#8221;15&#8243; font_container=&#8221;tag:h2|text_align:center&#8221; use_theme_fonts=&#8221;yes&#8221; el_class=&#8221;widget_title colored&#8221;][vc_custom_heading text=&#8221;Tabliczek zjedzonej czekolady&#8221; font_container=&#8221;tag:h2|text_align:center&#8221; use_theme_fonts=&#8221;yes&#8221; el_class=&#8221;sub_title&#8221;]\n\t\t<\/div> <!-- END .wpb_wrapper -->\n\t<\/div> <!-- END  wpb_column  -->\n\n\t<div class=\"vc_col-sm-4 wpb_column \"  data-wow-delay=\"0ms\" data-wow-iteration=\"1\" >\n\t\t<div class=\"wpb_wrapper\">\n\t\t\t[vc_custom_heading text=&#8221;30&#8243; font_container=&#8221;tag:h2|text_align:center&#8221; use_theme_fonts=&#8221;yes&#8221; el_class=&#8221;widget_title colored&#8221;][vc_custom_heading text=&#8221;Litr\u00f3w wypitej kawy&#8221; font_container=&#8221;tag:h2|text_align:center&#8221; use_theme_fonts=&#8221;yes&#8221; el_class=&#8221;sub_title&#8221;]\n\t\t<\/div> <!-- END .wpb_wrapper -->\n\t<\/div> <!-- END  wpb_column  -->\n\n\t<div class=\"vc_col-sm-4 wpb_column \"  data-wow-delay=\"0ms\" data-wow-iteration=\"1\" >\n\t\t<div class=\"wpb_wrapper\">\n\t\t\t[vc_custom_heading text=&#8221;10&#8243; font_container=&#8221;tag:h2|text_align:center&#8221; use_theme_fonts=&#8221;yes&#8221; el_class=&#8221;widget_title colored&#8221;][vc_custom_heading text=&#8221;Wydarze\u0144 kulturalnych&#8221; font_container=&#8221;tag:h2|text_align:center&#8221; use_theme_fonts=&#8221;yes&#8221; el_class=&#8221;sub_title&#8221;]\n\t\t<\/div> <!-- END .wpb_wrapper -->\n\t<\/div> <!-- END  wpb_column  -->\n[\/vc_row_inner]\n\t\t<\/div> <!-- END .wpb_wrapper -->\n\t<\/div> <!-- END  wpb_column  -->\n[\/vc_row]<\/p>\n","protected":false},"excerpt":{"rendered":"<p>[vc_row css=&#8221;.vc_custom_1454927142251{margin-top: 60px !important;margin-bottom: 60px !important;}&#8221;][\/vc_row][vc_row equal_height=&#8221;yes&#8221; content_placement=&#8221;middle&#8221; v_center=&#8221;yes&#8221; css=&#8221;.vc_custom_1487602453621{margin-top: 60px !important;margin-bottom: 60px !important;padding-top: 60px !important;padding-bottom: 60px !important;}&#8221;][\/vc_row]<\/p>\n","protected":false},"author":1,"featured_media":0,"parent":0,"menu_order":0,"comment_status":"closed","ping_status":"closed","template":"","meta":[],"_links":{"self":[{"href":"https:\/\/qsztuce.com\/index.php\/wp-json\/wp\/v2\/pages\/3129"}],"collection":[{"href":"https:\/\/qsztuce.com\/index.php\/wp-json\/wp\/v2\/pages"}],"about":[{"href":"https:\/\/qsztuce.com\/index.php\/wp-json\/wp\/v2\/types\/page"}],"author":[{"embeddable":true,"href":"https:\/\/qsztuce.com\/index.php\/wp-json\/wp\/v2\/users\/1"}],"replies":[{"embeddable":true,"href":"https:\/\/qsztuce.com\/index.php\/wp-json\/wp\/v2\/comments?post=3129"}],"version-history":[{"count":20,"href":"https:\/\/qsztuce.com\/index.php\/wp-json\/wp\/v2\/pages\/3129\/revisions"}],"predecessor-version":[{"id":4099,"href":"https:\/\/qsztuce.com\/index.php\/wp-json\/wp\/v2\/pages\/3129\/revisions\/4099"}],"wp:attachment":[{"href":"https:\/\/qsztuce.com\/index.php\/wp-json\/wp\/v2\/media?parent=3129"}],"curies":[{"name":"wp","href":"https:\/\/api.w.org\/{rel}","templated":true}]}}